{"id":5539,"date":"2025-02-25T17:03:29","date_gmt":"2025-02-25T16:03:29","guid":{"rendered":"https:\/\/espritfayatbatiment.com\/?page_id=5539"},"modified":"2025-03-07T11:32:00","modified_gmt":"2025-03-07T10:32:00","slug":"elementor-5539","status":"publish","type":"page","link":"https:\/\/espritfayatbatiment.com\/index.php\/elementor-5539\/","title":{"rendered":"Es-tu un PNJ ?"},"content":{"rendered":"\t\t<div data-elementor-type=\"wp-page\" data-elementor-id=\"5539\" class=\"elementor elementor-5539\" data-elementor-post-type=\"page\">\n\t\t\t\t\t\t<section class=\"elementor-section elementor-top-section elementor-element elementor-element-336b635 elementor-section-boxed elementor-section-height-default elementor-section-height-default\" data-id=\"336b635\" data-element_type=\"section\" data-e-type=\"section\">\n\t\t\t\t\t\t<div class=\"elementor-container elementor-column-gap-default\">\n\t\t\t\t\t<div class=\"elementor-column elementor-col-100 elementor-top-column elementor-element elementor-element-7c5a207\" data-id=\"7c5a207\" data-element_type=\"column\" data-e-type=\"column\">\n\t\t\t<div class=\"elementor-widget-wrap elementor-element-populated\">\n\t\t\t\t\t\t<div class=\"elementor-element elementor-element-01e8599 elementor-widget elementor-widget-spacer\" data-id=\"01e8599\" data-element_type=\"widget\" data-e-type=\"widget\" data-widget_type=\"spacer.default\">\n\t\t\t\t<div class=\"elementor-widget-container\">\n\t\t\t\t\t\t\t<div class=\"elementor-spacer\">\n\t\t\t<div class=\"elementor-spacer-inner\"><\/div>\n\t\t<\/div>\n\t\t\t\t\t\t<\/div>\n\t\t\t\t<\/div>\n\t\t\t\t<div class=\"elementor-element elementor-element-a31e91a elementor-widget elementor-widget-html\" data-id=\"a31e91a\" data-element_type=\"widget\" data-e-type=\"widget\" data-widget_type=\"html.default\">\n\t\t\t\t<div class=\"elementor-widget-container\">\n\t\t\t\t\t<!DOCTYPE html>\r\n<html lang=\"fr\">\r\n<head>\r\n    <meta charset=\"UTF-8\">\r\n    <meta name=\"viewport\" content=\"width=device-width, initial-scale=1.0\">\r\n    <title>Es-tu un PNJ ?<\/title>\r\n    <style>\r\n        @keyframes fadeIn {\r\n            from { opacity: 0; }\r\n            to { opacity: 1; }\r\n        }\r\n\r\n        @keyframes slideIn {\r\n            from { transform: translateY(-20px); opacity: 0; }\r\n            to { transform: translateY(0); opacity: 1; }\r\n        }\r\n\r\n        body {\r\n            font-family: 'Arial', sans-serif;\r\n            text-align: center;\r\n            background: url('https:\/\/espritfayatbatiment.com\/wp-content\/uploads\/2025\/02\/Campagne-Stage-Alternance-2025-Site-Web.png') no-repeat center center fixed;\r\n            background-size: cover;\r\n            color: white;\r\n            margin: 0;\r\n            padding: 0;\r\n            animation: fadeIn 1s ease-in-out;\r\n        }\r\n\r\n        .container {\r\n            position: relative;\r\n            max-width: 800px;\r\n            margin: 5% auto 5% 50%;\r\n            padding: 20px;\r\n        }\r\n\r\n        .video-container {\r\n            text-align: center;\r\n            margin-bottom: 10px;\r\n        }\r\n\r\n        .video-container video {\r\n            width: 100%;\r\n            max-width: 600px;\r\n            border-radius: 10px;\r\n            box-shadow: 0px 0px 15px rgba(0, 0, 0, 0.3);\r\n        }\r\n\r\n        .quiz-container {\r\n            background: rgba(255, 255, 255, 1);\r\n            padding: 20px;\r\n            border-radius: 10px;\r\n            box-shadow: 0px 0px 15px rgba(0, 0, 0, 0.3);\r\n            color: #003366;\r\n            animation: slideIn 1s ease-in-out;\r\n            width: 100%;\r\n            max-width: 600px;\r\n            margin: auto;\r\n        }\r\n\r\n        .quiz-title {\r\n            font-size: 28px;\r\n            font-weight: bold;\r\n            color: #003366;\r\n            margin-bottom: 5px;\r\n        }\r\n\r\n        .subtitle {\r\n            font-size: 14px;\r\n            color: #666;\r\n            margin-bottom: 15px;\r\n        }\r\n\r\n        .progress-bar {\r\n            width: 100%;\r\n            background-color: #ccc;\r\n            border-radius: 5px;\r\n            overflow: hidden;\r\n            margin-top: 10px;\r\n        }\r\n\r\n        .progress {\r\n            width: 0%;\r\n            height: 10px;\r\n            background-color: #0055a5;\r\n            transition: width 0.5s ease-in-out;\r\n        }\r\n\r\n        #question {\r\n            font-size: 20px;\r\n            font-weight: bold;\r\n            color: #003366;\r\n            margin-bottom: 15px;\r\n        }\r\n\r\n        .answers button {\r\n            display: block;\r\n            width: 100%;\r\n            margin: 10px auto;\r\n            padding: 12px;\r\n            background-color: #ffcc00;\r\n            color: #003366;\r\n            border: none;\r\n            border-radius: 5px;\r\n            cursor: pointer;\r\n            font-size: 16px;\r\n            font-weight: bold;\r\n        }\r\n\r\n        .answers button:hover {\r\n            background-color: #ffaa00;\r\n            transform: scale(1.05);\r\n        }\r\n\r\n        .answers button.selected {\r\n            background-color: #0055a5 !important;\r\n            color: white !important;\r\n        }\r\n\r\n        .large-button {\r\n            background-color: #0055a5;\r\n            color: white;\r\n            padding: 12px 20px;\r\n            border: none;\r\n            border-radius: 5px;\r\n            font-size: 18px;\r\n            font-weight: bold;\r\n            cursor: pointer;\r\n            margin-top: 15px;\r\n            width: 100%;\r\n        }\r\n\r\n        .large-button:hover {\r\n            background-color: #003366;\r\n        }\r\n\r\n        .hidden {\r\n            display: none;\r\n        }\r\n\r\n        .gif-container {\r\n            display: none;\r\n            margin-top: 20px;\r\n            text-align: center;\r\n        }\r\n\r\n        .gif-container img {\r\n            width: 100%;\r\n            max-width: 400px;\r\n        }\r\n\r\n        @media (max-width: 768px) {\r\n            .container {\r\n                max-width: 100%;\r\n                margin: 5% auto;\r\n                padding: 10px;\r\n            }\r\n            .quiz-title {\r\n                font-size: 24px;\r\n            }\r\n            .quiz-container {\r\n                padding: 15px;\r\n                max-width: 90%;\r\n            }\r\n            .large-button {\r\n                font-size: 16px;\r\n            }\r\n            .answers button {\r\n                font-size: 14px;\r\n                padding: 10px;\r\n            }\r\n            .video-container video {\r\n                max-width: 90%;\r\n            }\r\n        }\r\n    <\/style>\r\n<\/head>\r\n<body>\r\n    <div class=\"container\">\r\n        <div class=\"video-container\">\r\n            <video autoplay muted loop playsinline>\r\n                <source src=\"https:\/\/espritfayatbatiment.com\/wp-content\/uploads\/2025\/02\/shutterstock_1072708229.mov\" type=\"video\/mp4\">\r\n                Votre navigateur ne supporte pas la lecture de vid\u00e9os.\r\n            <\/video>\r\n        <\/div>\r\n        \r\n        <div class=\"quiz-container\">\r\n            <div class=\"quiz-title\">Es-tu un PNJ ?<\/div>\r\n            <div class=\"subtitle\">*Personnage Non Joueur<\/div>\r\n            <div class=\"progress-bar\">\r\n                <div class=\"progress\" id=\"progress\"><\/div>\r\n            <\/div>\r\n            <p id=\"question\">Chargement...<\/p>\r\n            <div id=\"answers\" class=\"answers\"><\/div>\r\n            <button id=\"next\" class=\"large-button hidden\" onclick=\"nextQuestion()\">Suivant<\/button>\r\n            <div id=\"result\" class=\"hidden\">\r\n                <h2>\ud83c\udf89 F\u00e9licitations ! Tu n'es PAS un PNJ ! \ud83c\udf89<\/h2>\r\n                <p>Tu as un r\u00f4le \u00e0 jouer ! Ne laisse pas ton avenir se d\u00e9cider sans toi.<\/p>\r\n                <a href=\"https:\/\/www.calameo.com\/fayatbatiment\/read\/005616050311863c29b99?authid=GxgWb7W5o3xr\" target=\"_blank\" style=\"text-decoration: none;\">\r\n                    <button class=\"large-button\">D\u00e9couvrir nos offres<\/button>\r\n                <\/a>\r\n                <div class=\"gif-container\" id=\"gif-container\">\r\n                    <img decoding=\"async\" src=\"https:\/\/espritfayatbatiment.com\/wp-content\/uploads\/2025\/02\/Design-sans-titre-1.gif\" alt=\"F\u00e9licitations!\">\r\n                <\/div>\r\n            <\/div>\r\n        <\/div>\r\n    <\/div>\r\n<script>\r\n        const questions = [\r\n            { text: \"Tu arrives dans une nouvelle ville\u2026 Quelle est ta premi\u00e8re r\u00e9action ?\", answers: [\"Je me tiens au m\u00eame endroit et je r\u00e9p\u00e8te la m\u00eame phrase en boucle.\", \"J\u2019explore les alentours pour voir o\u00f9 je peux aller.\", \"Je cherche un moyen de prendre part \u00e0 une qu\u00eate.\", \"J\u2019essaie de parler aux autres et de me faire des alli\u00e9s.\"] },\r\n            { text: \"Un probl\u00e8me se pr\u00e9sente sur un projet d\u2019\u00e9quipe. Tu fais quoi ?\", answers: [\"J\u2019attends que quelqu\u2019un d\u2019autre r\u00e8gle \u00e7a.\", \"Je propose des solutions et j\u2019essaie d\u2019aider.\", \"Je m\u2019entra\u00eene en secret pour devenir encore plus fort la prochaine fois.\", \"J\u2019ouvre un forum et j\u2019essaie de recruter d\u2019autres joueurs pour m\u2019aider.\"] },\r\n            { text: \"Comment r\u00e9agis-tu face \u00e0 une mission difficile ?\", answers: [\"Je pr\u00e9f\u00e8re ne rien tenter pour \u00e9viter l\u2019\u00e9chec.\", \"Je cherche de l\u2019aide et j\u2019analyse la situation.\", \"Je me lance avec audace pour tenter le coup.\", \"J\u2019essaye d\u2019apprendre et d\u2019adapter ma strat\u00e9gie.\"] },\r\n            { text: \"Que signifie pour toi l\u2019autonomie au travail ?\", answers: [\"Attendre qu\u2019on me dise quoi faire.\", \"Prendre des initiatives et \u00eatre proactif.\", \"Demander de l\u2019aide uniquement en cas de blocage.\", \"G\u00e9rer mes t\u00e2ches avec responsabilit\u00e9 et rigueur.\"] },\r\n            { text: \"Tu dois travailler en \u00e9quipe sur un projet. Comment contribues-tu ?\", answers: [\"Je me contente d\u2019\u00e9couter et d\u2019attendre les consignes.\", \"Je m\u2019investis en partageant des id\u00e9es et en aidant les autres.\", \"Je prends des responsabilit\u00e9s et je vais au-del\u00e0 des attentes.\", \"Je reste en retrait, mais j\u2019observe et j\u2019analyse pour \u00eatre utile.\"] },\r\n            { text: \"Quelles qualit\u00e9s d\u00e9crivent le mieux un bon alternant ou stagiaire ?\", answers: [\"Curiosit\u00e9, engagement, force de proposition.\", \"Passivit\u00e9, suivre les consignes sans poser de questions.\", \"Toujours attendre qu\u2019on me donne des t\u00e2ches pr\u00e9cises.\", \"Poser des questions et chercher \u00e0 m\u2019am\u00e9liorer.\"] }\r\n        ];\r\n\r\n        let currentQuestion = 0;\r\n        function loadQuestion() {\r\n            document.getElementById(\"question\").textContent = questions[currentQuestion].text;\r\n            const answersContainer = document.getElementById(\"answers\");\r\n            answersContainer.innerHTML = \"\";\r\n            questions[currentQuestion].answers.forEach(answer => {\r\n                const btn = document.createElement(\"button\");\r\n                btn.textContent = answer;\r\n                btn.onclick = () => {\r\n                    document.querySelectorAll(\".answers button\").forEach(b => b.classList.remove(\"selected\"));\r\n                    btn.classList.add(\"selected\");\r\n                    document.getElementById(\"next\").classList.remove(\"hidden\");\r\n                };\r\n                answersContainer.appendChild(btn);\r\n            });\r\n        }\r\n        function nextQuestion() {\r\n            currentQuestion++;\r\n            if (currentQuestion < questions.length) {\r\n                loadQuestion();\r\n                document.getElementById(\"next\").classList.add(\"hidden\");\r\n            } else {\r\n                document.querySelector(\".quiz-container\").innerHTML = document.getElementById(\"result\").innerHTML;\r\n                document.getElementById(\"gif-container\").style.display = \"block\";\r\n            }\r\n        }\r\n        loadQuestion();\r\n            let pnjScore = 0;\r\n        function loadQuestion() {\r\n            document.getElementById(\"question\").textContent = questions[currentQuestion].text;\r\n            const answersContainer = document.getElementById(\"answers\");\r\n            answersContainer.innerHTML = \"\";\r\n            questions[currentQuestion].answers.forEach((answer, index) => {\r\n                const btn = document.createElement(\"button\");\r\n                btn.textContent = answer;\r\n                btn.onclick = () => {\r\n                    document.querySelectorAll(\".answers button\").forEach(b => b.classList.remove(\"selected\"));\r\n                    btn.classList.add(\"selected\");\r\n                    document.getElementById(\"next\").classList.remove(\"hidden\");\r\n                    if (index === 0) { pnjScore++; } \r\n                };\r\n                answersContainer.appendChild(btn);\r\n            });\r\n        }\r\n\r\n        function nextQuestion() {\r\n            currentQuestion++;\r\n            if (currentQuestion < questions.length) {\r\n                loadQuestion();\r\n                document.getElementById(\"next\").classList.add(\"hidden\");\r\n            } else {\r\n                let resultMessage = \"<h2>\ud83c\udf89 F\u00e9licitations ! Tu n'es PAS un PNJ ! \ud83c\udf89<\/h2><p>Tu as un r\u00f4le \u00e0 jouer ! Ne laisse pas ton avenir se d\u00e9cider sans toi.<\/p>\";\r\n                if (pnjScore > 2) {\r\n                    resultMessage = \"<h2>\ud83e\udd14 Tu montres quelques signes de PNJ... mais chez nous, tu \u00e9volueras vite ! \ud83d\udcaa<\/h2><p>Nous cherchons des esprits curieux et engag\u00e9s, et avec un peu d'audace, tu pourrais devenir un vrai joueur !<\/p>\";\r\n                }\r\n                document.querySelector(\".quiz-container\").innerHTML = resultMessage +\r\n                    '<a href=\"https:\/\/www.calameo.com\/fayatbatiment\/read\/005616050cafca861ec32\" target=\"_blank\" style=\"text-decoration: none;\">' +\r\n                    '<button class=\"large-button\">D\u00e9couvrir nos offres<\/button><\/a>';\r\n                document.getElementById(\"gif-container\").style.display = \"block\";\r\n            }\r\n        }\r\n    <\/script>\r\n<\/body>\r\n<\/html>\r\n\t\t\t\t<\/div>\n\t\t\t\t<\/div>\n\t\t\t\t\t<\/div>\n\t\t<\/div>\n\t\t\t\t\t<\/div>\n\t\t<\/section>\n\t\t\t\t<\/div>\n\t\t","protected":false},"excerpt":{"rendered":"<p>Es-tu un PNJ ? Votre navigateur ne supporte pas la lecture de vid\u00e9os. Es-tu un PNJ ? *Personnage Non Joueur Chargement&#8230; Suivant \ud83c\udf89 F\u00e9licitations ! Tu n&rsquo;es PAS un PNJ ! \ud83c\udf89 Tu as un r\u00f4le \u00e0 jouer ! Ne laisse pas ton avenir se d\u00e9cider sans toi. D\u00e9couvrir nos offres<\/p>\n","protected":false},"author":1,"featured_media":0,"parent":0,"menu_order":0,"comment_status":"closed","ping_status":"closed","template":"elementor_canvas","meta":{"_monsterinsights_skip_tracking":false,"_monsterinsights_sitenote_active":false,"_monsterinsights_sitenote_note":"","_monsterinsights_sitenote_category":0,"footnotes":""},"class_list":["post-5539","page","type-page","status-publish","hentry","entry"],"yoast_head":"<!-- This site is optimized with the Yoast SEO plugin v27.5 - https:\/\/yoast.com\/product\/yoast-seo-wordpress\/ -->\n<title>Es-tu un PNJ ? - EspritFayatBatiment<\/title>\n<meta name=\"robots\" content=\"index, follow, max-snippet:-1, max-image-preview:large, max-video-preview:-1\" \/>\n<link rel=\"canonical\" href=\"https:\/\/espritfayatbatiment.com\/index.php\/elementor-5539\/\" \/>\n<meta property=\"og:locale\" content=\"fr_FR\" \/>\n<meta property=\"og:type\" content=\"article\" \/>\n<meta property=\"og:title\" content=\"Es-tu un PNJ ? - EspritFayatBatiment\" \/>\n<meta property=\"og:description\" content=\"Es-tu un PNJ ? Votre navigateur ne supporte pas la lecture de vid\u00e9os. Es-tu un PNJ ? *Personnage Non Joueur Chargement&#8230; Suivant \ud83c\udf89 F\u00e9licitations ! Tu n&rsquo;es PAS un PNJ ! \ud83c\udf89 Tu as un r\u00f4le \u00e0 jouer ! Ne laisse pas ton avenir se d\u00e9cider sans toi. D\u00e9couvrir nos offres\" \/>\n<meta property=\"og:url\" content=\"https:\/\/espritfayatbatiment.com\/index.php\/elementor-5539\/\" \/>\n<meta property=\"og:site_name\" content=\"EspritFayatBatiment\" \/>\n<meta property=\"article:publisher\" content=\"https:\/\/www.facebook.com\/fayatbatiment\/\" \/>\n<meta property=\"article:modified_time\" content=\"2025-03-07T10:32:00+00:00\" \/>\n<meta property=\"og:image\" content=\"https:\/\/espritfayatbatiment.com\/wp-content\/uploads\/2025\/02\/Design-sans-titre-1.gif\" \/>\n<meta name=\"twitter:card\" content=\"summary_large_image\" \/>\n<meta name=\"twitter:label1\" content=\"Dur\u00e9e de lecture estim\u00e9e\" \/>\n\t<meta name=\"twitter:data1\" content=\"1 minute\" \/>\n<script type=\"application\/ld+json\" class=\"yoast-schema-graph\">{\"@context\":\"https:\\\/\\\/schema.org\",\"@graph\":[{\"@type\":\"WebPage\",\"@id\":\"https:\\\/\\\/espritfayatbatiment.com\\\/index.php\\\/elementor-5539\\\/\",\"url\":\"https:\\\/\\\/espritfayatbatiment.com\\\/index.php\\\/elementor-5539\\\/\",\"name\":\"Es-tu un PNJ ? - EspritFayatBatiment\",\"isPartOf\":{\"@id\":\"https:\\\/\\\/espritfayatbatiment.com\\\/#website\"},\"primaryImageOfPage\":{\"@id\":\"https:\\\/\\\/espritfayatbatiment.com\\\/index.php\\\/elementor-5539\\\/#primaryimage\"},\"image\":{\"@id\":\"https:\\\/\\\/espritfayatbatiment.com\\\/index.php\\\/elementor-5539\\\/#primaryimage\"},\"thumbnailUrl\":\"https:\\\/\\\/espritfayatbatiment.com\\\/wp-content\\\/uploads\\\/2025\\\/02\\\/Design-sans-titre-1.gif\",\"datePublished\":\"2025-02-25T16:03:29+00:00\",\"dateModified\":\"2025-03-07T10:32:00+00:00\",\"breadcrumb\":{\"@id\":\"https:\\\/\\\/espritfayatbatiment.com\\\/index.php\\\/elementor-5539\\\/#breadcrumb\"},\"inLanguage\":\"fr-FR\",\"potentialAction\":[{\"@type\":\"ReadAction\",\"target\":[\"https:\\\/\\\/espritfayatbatiment.com\\\/index.php\\\/elementor-5539\\\/\"]}]},{\"@type\":\"ImageObject\",\"inLanguage\":\"fr-FR\",\"@id\":\"https:\\\/\\\/espritfayatbatiment.com\\\/index.php\\\/elementor-5539\\\/#primaryimage\",\"url\":\"https:\\\/\\\/espritfayatbatiment.com\\\/wp-content\\\/uploads\\\/2025\\\/02\\\/Design-sans-titre-1.gif\",\"contentUrl\":\"https:\\\/\\\/espritfayatbatiment.com\\\/wp-content\\\/uploads\\\/2025\\\/02\\\/Design-sans-titre-1.gif\",\"width\":1199,\"height\":768},{\"@type\":\"BreadcrumbList\",\"@id\":\"https:\\\/\\\/espritfayatbatiment.com\\\/index.php\\\/elementor-5539\\\/#breadcrumb\",\"itemListElement\":[{\"@type\":\"ListItem\",\"position\":1,\"name\":\"Accueil\",\"item\":\"https:\\\/\\\/espritfayatbatiment.com\\\/\"},{\"@type\":\"ListItem\",\"position\":2,\"name\":\"Es-tu un PNJ ?\"}]},{\"@type\":\"WebSite\",\"@id\":\"https:\\\/\\\/espritfayatbatiment.com\\\/#website\",\"url\":\"https:\\\/\\\/espritfayatbatiment.com\\\/\",\"name\":\"Esprit Fayat B\u00e2timent\",\"description\":\"\",\"publisher\":{\"@id\":\"https:\\\/\\\/espritfayatbatiment.com\\\/#organization\"},\"potentialAction\":[{\"@type\":\"SearchAction\",\"target\":{\"@type\":\"EntryPoint\",\"urlTemplate\":\"https:\\\/\\\/espritfayatbatiment.com\\\/?s={search_term_string}\"},\"query-input\":{\"@type\":\"PropertyValueSpecification\",\"valueRequired\":true,\"valueName\":\"search_term_string\"}}],\"inLanguage\":\"fr-FR\"},{\"@type\":\"Organization\",\"@id\":\"https:\\\/\\\/espritfayatbatiment.com\\\/#organization\",\"name\":\"Fayat B\u00e2timent\",\"url\":\"https:\\\/\\\/espritfayatbatiment.com\\\/\",\"logo\":{\"@type\":\"ImageObject\",\"inLanguage\":\"fr-FR\",\"@id\":\"https:\\\/\\\/espritfayatbatiment.com\\\/#\\\/schema\\\/logo\\\/image\\\/\",\"url\":\"https:\\\/\\\/espritfayatbatiment.com\\\/wp-content\\\/uploads\\\/2021\\\/03\\\/03_Building_division_coloured_logo_white_background_FR.png\",\"contentUrl\":\"https:\\\/\\\/espritfayatbatiment.com\\\/wp-content\\\/uploads\\\/2021\\\/03\\\/03_Building_division_coloured_logo_white_background_FR.png\",\"width\":2567,\"height\":2204,\"caption\":\"Fayat B\u00e2timent\"},\"image\":{\"@id\":\"https:\\\/\\\/espritfayatbatiment.com\\\/#\\\/schema\\\/logo\\\/image\\\/\"},\"sameAs\":[\"https:\\\/\\\/www.facebook.com\\\/fayatbatiment\\\/\",\"https:\\\/\\\/www.instagram.com\\\/fayatbatiment\\\/?hl=fr\",\"https:\\\/\\\/www.linkedin.com\\\/company\\\/fayatbatiment\\\/\",\"https:\\\/\\\/www.youtube.com\\\/channel\\\/UC-YjwOD_yiDxC6XZP5ouaeg\"]}]}<\/script>\n<!-- \/ Yoast SEO plugin. -->","yoast_head_json":{"title":"Es-tu un PNJ ? - EspritFayatBatiment","robots":{"index":"index","follow":"follow","max-snippet":"max-snippet:-1","max-image-preview":"max-image-preview:large","max-video-preview":"max-video-preview:-1"},"canonical":"https:\/\/espritfayatbatiment.com\/index.php\/elementor-5539\/","og_locale":"fr_FR","og_type":"article","og_title":"Es-tu un PNJ ? - EspritFayatBatiment","og_description":"Es-tu un PNJ ? Votre navigateur ne supporte pas la lecture de vid\u00e9os. Es-tu un PNJ ? *Personnage Non Joueur Chargement&#8230; Suivant \ud83c\udf89 F\u00e9licitations ! Tu n&rsquo;es PAS un PNJ ! \ud83c\udf89 Tu as un r\u00f4le \u00e0 jouer ! Ne laisse pas ton avenir se d\u00e9cider sans toi. D\u00e9couvrir nos offres","og_url":"https:\/\/espritfayatbatiment.com\/index.php\/elementor-5539\/","og_site_name":"EspritFayatBatiment","article_publisher":"https:\/\/www.facebook.com\/fayatbatiment\/","article_modified_time":"2025-03-07T10:32:00+00:00","og_image":[{"url":"https:\/\/espritfayatbatiment.com\/wp-content\/uploads\/2025\/02\/Design-sans-titre-1.gif","type":"","width":"","height":""}],"twitter_card":"summary_large_image","twitter_misc":{"Dur\u00e9e de lecture estim\u00e9e":"1 minute"},"schema":{"@context":"https:\/\/schema.org","@graph":[{"@type":"WebPage","@id":"https:\/\/espritfayatbatiment.com\/index.php\/elementor-5539\/","url":"https:\/\/espritfayatbatiment.com\/index.php\/elementor-5539\/","name":"Es-tu un PNJ ? - EspritFayatBatiment","isPartOf":{"@id":"https:\/\/espritfayatbatiment.com\/#website"},"primaryImageOfPage":{"@id":"https:\/\/espritfayatbatiment.com\/index.php\/elementor-5539\/#primaryimage"},"image":{"@id":"https:\/\/espritfayatbatiment.com\/index.php\/elementor-5539\/#primaryimage"},"thumbnailUrl":"https:\/\/espritfayatbatiment.com\/wp-content\/uploads\/2025\/02\/Design-sans-titre-1.gif","datePublished":"2025-02-25T16:03:29+00:00","dateModified":"2025-03-07T10:32:00+00:00","breadcrumb":{"@id":"https:\/\/espritfayatbatiment.com\/index.php\/elementor-5539\/#breadcrumb"},"inLanguage":"fr-FR","potentialAction":[{"@type":"ReadAction","target":["https:\/\/espritfayatbatiment.com\/index.php\/elementor-5539\/"]}]},{"@type":"ImageObject","inLanguage":"fr-FR","@id":"https:\/\/espritfayatbatiment.com\/index.php\/elementor-5539\/#primaryimage","url":"https:\/\/espritfayatbatiment.com\/wp-content\/uploads\/2025\/02\/Design-sans-titre-1.gif","contentUrl":"https:\/\/espritfayatbatiment.com\/wp-content\/uploads\/2025\/02\/Design-sans-titre-1.gif","width":1199,"height":768},{"@type":"BreadcrumbList","@id":"https:\/\/espritfayatbatiment.com\/index.php\/elementor-5539\/#breadcrumb","itemListElement":[{"@type":"ListItem","position":1,"name":"Accueil","item":"https:\/\/espritfayatbatiment.com\/"},{"@type":"ListItem","position":2,"name":"Es-tu un PNJ ?"}]},{"@type":"WebSite","@id":"https:\/\/espritfayatbatiment.com\/#website","url":"https:\/\/espritfayatbatiment.com\/","name":"Esprit Fayat B\u00e2timent","description":"","publisher":{"@id":"https:\/\/espritfayatbatiment.com\/#organization"},"potentialAction":[{"@type":"SearchAction","target":{"@type":"EntryPoint","urlTemplate":"https:\/\/espritfayatbatiment.com\/?s={search_term_string}"},"query-input":{"@type":"PropertyValueSpecification","valueRequired":true,"valueName":"search_term_string"}}],"inLanguage":"fr-FR"},{"@type":"Organization","@id":"https:\/\/espritfayatbatiment.com\/#organization","name":"Fayat B\u00e2timent","url":"https:\/\/espritfayatbatiment.com\/","logo":{"@type":"ImageObject","inLanguage":"fr-FR","@id":"https:\/\/espritfayatbatiment.com\/#\/schema\/logo\/image\/","url":"https:\/\/espritfayatbatiment.com\/wp-content\/uploads\/2021\/03\/03_Building_division_coloured_logo_white_background_FR.png","contentUrl":"https:\/\/espritfayatbatiment.com\/wp-content\/uploads\/2021\/03\/03_Building_division_coloured_logo_white_background_FR.png","width":2567,"height":2204,"caption":"Fayat B\u00e2timent"},"image":{"@id":"https:\/\/espritfayatbatiment.com\/#\/schema\/logo\/image\/"},"sameAs":["https:\/\/www.facebook.com\/fayatbatiment\/","https:\/\/www.instagram.com\/fayatbatiment\/?hl=fr","https:\/\/www.linkedin.com\/company\/fayatbatiment\/","https:\/\/www.youtube.com\/channel\/UC-YjwOD_yiDxC6XZP5ouaeg"]}]}},"_links":{"self":[{"href":"https:\/\/espritfayatbatiment.com\/index.php\/wp-json\/wp\/v2\/pages\/5539","targetHints":{"allow":["GET"]}}],"collection":[{"href":"https:\/\/espritfayatbatiment.com\/index.php\/wp-json\/wp\/v2\/pages"}],"about":[{"href":"https:\/\/espritfayatbatiment.com\/index.php\/wp-json\/wp\/v2\/types\/page"}],"author":[{"embeddable":true,"href":"https:\/\/espritfayatbatiment.com\/index.php\/wp-json\/wp\/v2\/users\/1"}],"replies":[{"embeddable":true,"href":"https:\/\/espritfayatbatiment.com\/index.php\/wp-json\/wp\/v2\/comments?post=5539"}],"version-history":[{"count":324,"href":"https:\/\/espritfayatbatiment.com\/index.php\/wp-json\/wp\/v2\/pages\/5539\/revisions"}],"predecessor-version":[{"id":5935,"href":"https:\/\/espritfayatbatiment.com\/index.php\/wp-json\/wp\/v2\/pages\/5539\/revisions\/5935"}],"wp:attachment":[{"href":"https:\/\/espritfayatbatiment.com\/index.php\/wp-json\/wp\/v2\/media?parent=5539"}],"curies":[{"name":"wp","href":"https:\/\/api.w.org\/{rel}","templated":true}]}}